{"id":1000,"date":"2015-07-16T07:28:32","date_gmt":"2015-07-16T07:28:32","guid":{"rendered":"http:\/\/gt-lawpanama.com\/es\/?page_id=1000"},"modified":"2020-04-20T20:36:40","modified_gmt":"2020-04-20T20:36:40","slug":"permiso-de-permanencia-definitiva-por-solvencia-economica-propia","status":"publish","type":"page","link":"https:\/\/gt-lawpanama.com\/es\/servicios\/asesoria-legal\/experiencia\/permiso-de-permanencia-definitiva-por-solvencia-economica-propia\/","title":{"rendered":"Permiso de permanencia definitiva por solvencia econ\u00f3mica propia"},"content":{"rendered":"<p>Podr\u00e1 solicitar este permiso el extranjero que invierta la suma m\u00ednima de trescientos mil balboas (B\/.300,000.00) en bienes inmuebles o dep\u00f3sito a plazo fijo o la combinaci\u00f3n de ambos y demuestre que los fondos provienen del extranjero. En caso de incluir dependientes deber\u00e1 demostrar una solvencia adicional de dos mil balboas (B\/.2,000.00) por cada uno.<\/p>\n<p>Solvencia econ\u00f3mica por apertura de dep\u00f3sito a plazo fijo:<\/p>\n<p>REQUISITOS:<\/p>\n<ul>\n<li>Poder y Solicitud (notariado y con sus respectivos timbres fiscales);<\/li>\n<li>Tres (3) fotograf\u00edas;<\/li>\n<li>Copia debidamente cotejada del pasaporte (Notario o Autoridad Correspondiente);<\/li>\n<li>Certificado de Antecedentes Penales;<\/li>\n<li>Certificado de Salud;<\/li>\n<li>Cheque Certificado por B\/.250.00 a favor del Tesoro Nacional;<\/li>\n<li>Cheque Certificado por B\/.800.00 a favor del Servicio Nacional de Migraci\u00f3n;<\/li>\n<li>Formulario de Declaraci\u00f3n Jurada de Antecedentes Personales;<\/li>\n<li>Certificaci\u00f3n bancaria de que ha aperturado una cuenta de dep\u00f3sito a plazo fijo a nombre del solicitante , por el monto de trescientos mil balboas (B\/.300,000.00) o su equivalente en moneda extranjera y con una duraci\u00f3n m\u00ednima de tres (3) a\u00f1os, en cualquier banco de licencia general en el territorio nacional.<\/li>\n<li>Este plazo fijo debe estar libre de gravamen;<\/li>\n<li>Copia del certificado a plazo fijo autenticada por el banco;<\/li>\n<\/ul>\n<p>Para Solicitar la Permanencia Definitiva con derecho a c\u00e9dula se presentar\u00e1n los requisitos anteriores con excepci\u00f3n del Certificado de Antecedentes Penales y los cheques, adicional:<\/p>\n<ul>\n<li>Paz y salvo nacional de rentas a favor del solicitante.<\/li>\n<\/ul>\n","protected":false},"excerpt":{"rendered":"<p>Podr\u00e1 solicitar este permiso el extranjero que invierta la suma m\u00ednima de trescientos mil balboas (B\/.300,000.00) en bienes inmuebles o &#8230;<\/p>\n","protected":false},"author":1,"featured_media":838,"parent":975,"menu_order":0,"comment_status":"closed","ping_status":"open","template":"","meta":{"footnotes":""},"class_list":["post-1000","page","type-page","status-publish","has-post-thumbnail","hentry"],"_links":{"self":[{"href":"https:\/\/gt-lawpanama.com\/es\/wp-json\/wp\/v2\/pages\/1000","targetHints":{"allow":["GET"]}}],"collection":[{"href":"https:\/\/gt-lawpanama.com\/es\/wp-json\/wp\/v2\/pages"}],"about":[{"href":"https:\/\/gt-lawpanama.com\/es\/wp-json\/wp\/v2\/types\/page"}],"author":[{"embeddable":true,"href":"https:\/\/gt-lawpanama.com\/es\/wp-json\/wp\/v2\/users\/1"}],"replies":[{"embeddable":true,"href":"https:\/\/gt-lawpanama.com\/es\/wp-json\/wp\/v2\/comments?post=1000"}],"version-history":[{"count":2,"href":"https:\/\/gt-lawpanama.com\/es\/wp-json\/wp\/v2\/pages\/1000\/revisions"}],"predecessor-version":[{"id":1002,"href":"https:\/\/gt-lawpanama.com\/es\/wp-json\/wp\/v2\/pages\/1000\/revisions\/1002"}],"up":[{"embeddable":true,"href":"https:\/\/gt-lawpanama.com\/es\/wp-json\/wp\/v2\/pages\/975"}],"wp:featuredmedia":[{"embeddable":true,"href":"https:\/\/gt-lawpanama.com\/es\/wp-json\/wp\/v2\/media\/838"}],"wp:attachment":[{"href":"https:\/\/gt-lawpanama.com\/es\/wp-json\/wp\/v2\/media?parent=1000"}],"curies":[{"name":"wp","href":"https:\/\/api.w.org\/{rel}","templated":true}]}}