{"id":1003,"date":"2015-07-16T07:30:38","date_gmt":"2015-07-16T07:30:38","guid":{"rendered":"http:\/\/gt-lawpanama.com\/es\/?page_id=1003"},"modified":"2020-04-20T20:36:40","modified_gmt":"2020-04-20T20:36:40","slug":"permiso-de-residente-permanente-por-razones-de-solvencia-economica-propia-por-inversion-mixta-deposito-a-plazo-fijo-y-bienes-inmuebles","status":"publish","type":"page","link":"https:\/\/gt-lawpanama.com\/es\/servicios\/asesoria-legal\/experiencia\/permiso-de-residente-permanente-por-razones-de-solvencia-economica-propia-por-inversion-mixta-deposito-a-plazo-fijo-y-bienes-inmuebles\/","title":{"rendered":"Permiso de residente permanente por razones de solvencia econ\u00f3mica propia por inversi\u00f3n mixta (dep\u00f3sito a plazo fijo y bienes inmuebles)"},"content":{"rendered":"<h2><strong>Permiso de residente permanente por razones de solvencia econ\u00f3mica propia por inversi\u00f3n mixta (dep\u00f3sito a plazo fijo y bienes inmuebles)<\/strong><\/h2>\n<p>Podr\u00e1 solicitar este tipo de permiso quien demuestre al Servicio Nacional de Migraci\u00f3n que cuenta con una propiedad y un plazo fijo entre ambos deben dar un monto m\u00ednimo de US$ 300,000.00 d\u00f3lares.<\/p>\n<p>Es decir puede ser un Bien Inmueble de US$ 200,000.00 y un Plazo Fijo de US$ 100,000.00 Total: US$ 300,000.00 (esto es solo un ejemplo).<\/p>\n<p><span style=\"color: #808080;\"><strong>REQUISITOS:<\/strong><\/span><\/p>\n<ul>\n<li>Poder y Solicitud (Notariado y con sus respectivos timbres fiscales);<\/li>\n<li>Tres (3) fotograf\u00edas;<\/li>\n<li>Copia debidamente cotejada del pasaporte (Notario o Autoridad correspondiente);<\/li>\n<li>Certificado de Antecedentes Penales;<\/li>\n<li>Certificado de Salud;<\/li>\n<li>Cheque Certificado por B\/.250.00 a favor del Tesoro Nacional;<\/li>\n<li>Cheque Certificado por B\/.800.00 a favor del Servicio Nacional de Migraci\u00f3n;<\/li>\n<li>Formulario de Declaraci\u00f3n Jurada de Antecedentes Personales;<\/li>\n<li>Certificaci\u00f3n del Registro P\u00fablico que compruebe la propiedad de los bienes inmuebles, a t\u00edtulo personal del solicitante. La certificaci\u00f3n debe indicar que la finca est\u00e1 libre de grav\u00e1menes; Certificaci\u00f3n bancaria por apertura de una cuenta de dep\u00f3sito a plazo fijo a nombre del solicitante, y con una duraci\u00f3n m\u00ednima de tres (3) a\u00f1os, en cualquier banco de licencia general en el territorio nacional. Este plazo fijo debe estar libre de gravamen; El monto total entre la certificaci\u00f3n de Registro P\u00fablico de la propiedad y la Certificaci\u00f3n bancaria de apertura de plazo fijo debe ser m\u00ednimo de Trescientos mil d\u00f3lares libres de grav\u00e1menes;<\/li>\n<li>Copia del certificado a plazo fijo autenticada por el banco;<\/li>\n<\/ul>\n<p>Para Solicitar la Permanencia Definitiva se presentar\u00e1n los requisitos anteriores con excepci\u00f3n del Certificado de Antecedentes Penales y los cheques. Adicionalmente deber\u00e1 aportar:<\/p>\n<ul>\n<li>Paz y salvo nacional de rentas a favor del solicitante.<\/li>\n<\/ul>\n","protected":false},"excerpt":{"rendered":"<p>Permiso de residente permanente por razones de solvencia econ\u00f3mica propia por inversi\u00f3n mixta (dep\u00f3sito a plazo fijo y bienes inmuebles) &#8230;<\/p>\n","protected":false},"author":1,"featured_media":818,"parent":975,"menu_order":0,"comment_status":"closed","ping_status":"open","template":"","meta":{"footnotes":""},"class_list":["post-1003","page","type-page","status-publish","has-post-thumbnail","hentry"],"_links":{"self":[{"href":"https:\/\/gt-lawpanama.com\/es\/wp-json\/wp\/v2\/pages\/1003","targetHints":{"allow":["GET"]}}],"collection":[{"href":"https:\/\/gt-lawpanama.com\/es\/wp-json\/wp\/v2\/pages"}],"about":[{"href":"https:\/\/gt-lawpanama.com\/es\/wp-json\/wp\/v2\/types\/page"}],"author":[{"embeddable":true,"href":"https:\/\/gt-lawpanama.com\/es\/wp-json\/wp\/v2\/users\/1"}],"replies":[{"embeddable":true,"href":"https:\/\/gt-lawpanama.com\/es\/wp-json\/wp\/v2\/comments?post=1003"}],"version-history":[{"count":2,"href":"https:\/\/gt-lawpanama.com\/es\/wp-json\/wp\/v2\/pages\/1003\/revisions"}],"predecessor-version":[{"id":1005,"href":"https:\/\/gt-lawpanama.com\/es\/wp-json\/wp\/v2\/pages\/1003\/revisions\/1005"}],"up":[{"embeddable":true,"href":"https:\/\/gt-lawpanama.com\/es\/wp-json\/wp\/v2\/pages\/975"}],"wp:featuredmedia":[{"embeddable":true,"href":"https:\/\/gt-lawpanama.com\/es\/wp-json\/wp\/v2\/media\/818"}],"wp:attachment":[{"href":"https:\/\/gt-lawpanama.com\/es\/wp-json\/wp\/v2\/media?parent=1003"}],"curies":[{"name":"wp","href":"https:\/\/api.w.org\/{rel}","templated":true}]}}