{"id":1006,"date":"2015-07-16T07:32:16","date_gmt":"2015-07-16T07:32:16","guid":{"rendered":"http:\/\/gt-lawpanama.com\/es\/?page_id=1006"},"modified":"2020-04-20T20:36:56","modified_gmt":"2020-04-20T20:36:56","slug":"residente-permanente-por-leyes-especiales-tratado-de-amistad-comercio-y-navegacion-entre-la-republica-de-panama-y-la-republica-de-italia","status":"publish","type":"page","link":"https:\/\/gt-lawpanama.com\/es\/servicios\/asesoria-legal\/experiencia\/residente-permanente-por-leyes-especiales-tratado-de-amistad-comercio-y-navegacion-entre-la-republica-de-panama-y-la-republica-de-italia\/","title":{"rendered":"Residente permanente por leyes especiales tratado de amistad, comercio y navegaci\u00f3n entre la rep\u00fablica de panam\u00e1 y la rep\u00fablica de Italia"},"content":{"rendered":"<h2><strong>Residente permanente por leyes especiales tratado de amistad, comercio y navegaci\u00f3n entre la rep\u00fablica de panam\u00e1 y la rep\u00fablica de Italia<\/strong><\/h2>\n<p>Para solicitar este permiso debes ser ciudadano con pasaporte y documento de identidad o carn\u00e9 de Residencia de Italia.<\/p>\n<p><span style=\"color: #808080;\"><strong>REQUISITOS:<\/strong><\/span><\/p>\n<ul>\n<li>Poder y solicitud (notariado y con sus respectivos timbres fiscales);<\/li>\n<li>Tres fotograf\u00edas;<\/li>\n<li>Copia debidamente cotejada del pasaporte (Autenticado por Notario P\u00fablico o Autoridad Correspondiente) o un certificado de ciudadan\u00eda o libreta de navegaci\u00f3n, siempre y cuando se mencione que el titular es ciudadano italiano;<\/li>\n<li>Certificado de Antecedentes Penales o declaraci\u00f3n jurada ante Notario P\u00fablico;<\/li>\n<li>Certificado de salud;<\/li>\n<li>Cheque certificado por B\/.250.00 a favor del Tesoro Nacional;<\/li>\n<li>Formulario de Declaraci\u00f3n Jurada de Antecedentes Personales;<\/li>\n<li>Documento que demuestre la finalidad para establecer su residencia (actividad econ\u00f3mica o profesional a realizar);<\/li>\n<li>Copia del documento de identidad o carn\u00e9 de residente italiano;<\/li>\n<li>Constancia de parentesco, en caso de dependientes;<\/li>\n<li>Carta de responsabilidad, en caso de dependientes;<\/li>\n<li>Prueba de que el residente cuenta con la solvencia econ\u00f3mica suficiente, la cual podr\u00e1 acreditarse mediante una certificaci\u00f3n bancaria o estado de cuenta del \u00faltimo mes que refleje saldo de por lo menos cuatro cifras medias.<\/li>\n<\/ul>\n","protected":false},"excerpt":{"rendered":"<p>Residente permanente por leyes especiales tratado de amistad, comercio y navegaci\u00f3n entre la rep\u00fablica de panam\u00e1 y la rep\u00fablica de &#8230;<\/p>\n","protected":false},"author":1,"featured_media":832,"parent":975,"menu_order":0,"comment_status":"closed","ping_status":"closed","template":"","meta":{"footnotes":""},"class_list":["post-1006","page","type-page","status-publish","has-post-thumbnail","hentry"],"_links":{"self":[{"href":"https:\/\/gt-lawpanama.com\/es\/wp-json\/wp\/v2\/pages\/1006","targetHints":{"allow":["GET"]}}],"collection":[{"href":"https:\/\/gt-lawpanama.com\/es\/wp-json\/wp\/v2\/pages"}],"about":[{"href":"https:\/\/gt-lawpanama.com\/es\/wp-json\/wp\/v2\/types\/page"}],"author":[{"embeddable":true,"href":"https:\/\/gt-lawpanama.com\/es\/wp-json\/wp\/v2\/users\/1"}],"replies":[{"embeddable":true,"href":"https:\/\/gt-lawpanama.com\/es\/wp-json\/wp\/v2\/comments?post=1006"}],"version-history":[{"count":2,"href":"https:\/\/gt-lawpanama.com\/es\/wp-json\/wp\/v2\/pages\/1006\/revisions"}],"predecessor-version":[{"id":1008,"href":"https:\/\/gt-lawpanama.com\/es\/wp-json\/wp\/v2\/pages\/1006\/revisions\/1008"}],"up":[{"embeddable":true,"href":"https:\/\/gt-lawpanama.com\/es\/wp-json\/wp\/v2\/pages\/975"}],"wp:featuredmedia":[{"embeddable":true,"href":"https:\/\/gt-lawpanama.com\/es\/wp-json\/wp\/v2\/media\/832"}],"wp:attachment":[{"href":"https:\/\/gt-lawpanama.com\/es\/wp-json\/wp\/v2\/media?parent=1006"}],"curies":[{"name":"wp","href":"https:\/\/api.w.org\/{rel}","templated":true}]}}