{"id":1013,"date":"2015-07-16T07:39:17","date_gmt":"2015-07-16T07:39:17","guid":{"rendered":"http:\/\/gt-lawpanama.com\/es\/?page_id=1013"},"modified":"2020-04-20T20:36:40","modified_gmt":"2020-04-20T20:36:40","slug":"algunos-datos-antes-de-entrar-a-panama","status":"publish","type":"page","link":"https:\/\/gt-lawpanama.com\/es\/servicios\/asesoria-legal\/experiencia\/algunos-datos-antes-de-entrar-a-panama\/","title":{"rendered":"Algunos datos antes de entrar a Panam\u00e1"},"content":{"rendered":"<h3>Al ingresar a panam\u00e1 debe tomar en cuenta lo siguiente:<\/h3>\n<ol>\n<li>Que su pasaporte cuente con una vigencia al menos de 6 meses ante de vencerse.<\/li>\n<\/ol>\n<ol start=\"2\">\n<li>Si ingresa a nuestro pa\u00eds como turista tendr\u00e1 un tiempo de estad\u00eda legal de 6 meses. Este t\u00e9rmino no es prorrogable.<\/li>\n<\/ol>\n<ol start=\"3\">\n<li>Si ingresa con una visa estampada de turista es decir que su pa\u00eds es restringido tendr\u00e1 un tiempo de estad\u00eda legal de 30 d\u00edas. Se podr\u00e1 extender la estad\u00eda solicitando una pr\u00f3rroga de turista 15 d\u00edas antes de vencerse su estad\u00eda; Justificando dicha solicitud con los requisitos establecidos por la ley.<\/li>\n<\/ol>\n<ol start=\"4\">\n<li>Si aplica alg\u00fan tr\u00e1mite en migraci\u00f3n y se le es otorgado el carn\u00e9 provisional (1a\u00f1o) es obligatorio que se solicite la visa m\u00faltiple para poder salir del pa\u00eds. Si sale sin la Visa M\u00faltiple al momento de ingresar nuevamente para conocer de su tr\u00e1mite este le reflejara la multa a pagar.<\/li>\n<\/ol>\n<ol start=\"5\">\n<li>Si se le paso el tiempo legal de estad\u00eda y desea salir del pa\u00eds deber\u00e1 pagar la multa ante el Servicio Nacional de Migraci\u00f3n. No lo dejaran salir sin pagar la multa. (En el aeropuerto no pueden pagar la multa).<\/li>\n<\/ol>\n<ol start=\"6\">\n<li>Si quisiera hacer alg\u00fan tr\u00e1mite con alg\u00fan abogado en Panam\u00e1, preferiblemente que le haga un contrato en donde el abogado se compromete en realizarle el trabajo solicitado.<\/li>\n<\/ol>\n","protected":false},"excerpt":{"rendered":"<p>Al ingresar a panam\u00e1 debe tomar en cuenta lo siguiente: Que su pasaporte cuente con una vigencia al menos de &#8230;<\/p>\n","protected":false},"author":1,"featured_media":828,"parent":975,"menu_order":0,"comment_status":"closed","ping_status":"open","template":"","meta":{"footnotes":""},"class_list":["post-1013","page","type-page","status-publish","has-post-thumbnail","hentry"],"_links":{"self":[{"href":"https:\/\/gt-lawpanama.com\/es\/wp-json\/wp\/v2\/pages\/1013","targetHints":{"allow":["GET"]}}],"collection":[{"href":"https:\/\/gt-lawpanama.com\/es\/wp-json\/wp\/v2\/pages"}],"about":[{"href":"https:\/\/gt-lawpanama.com\/es\/wp-json\/wp\/v2\/types\/page"}],"author":[{"embeddable":true,"href":"https:\/\/gt-lawpanama.com\/es\/wp-json\/wp\/v2\/users\/1"}],"replies":[{"embeddable":true,"href":"https:\/\/gt-lawpanama.com\/es\/wp-json\/wp\/v2\/comments?post=1013"}],"version-history":[{"count":2,"href":"https:\/\/gt-lawpanama.com\/es\/wp-json\/wp\/v2\/pages\/1013\/revisions"}],"predecessor-version":[{"id":1015,"href":"https:\/\/gt-lawpanama.com\/es\/wp-json\/wp\/v2\/pages\/1013\/revisions\/1015"}],"up":[{"embeddable":true,"href":"https:\/\/gt-lawpanama.com\/es\/wp-json\/wp\/v2\/pages\/975"}],"wp:featuredmedia":[{"embeddable":true,"href":"https:\/\/gt-lawpanama.com\/es\/wp-json\/wp\/v2\/media\/828"}],"wp:attachment":[{"href":"https:\/\/gt-lawpanama.com\/es\/wp-json\/wp\/v2\/media?parent=1013"}],"curies":[{"name":"wp","href":"https:\/\/api.w.org\/{rel}","templated":true}]}}