{"id":1016,"date":"2015-07-16T07:41:22","date_gmt":"2015-07-16T07:41:22","guid":{"rendered":"http:\/\/gt-lawpanama.com\/es\/?page_id=1016"},"modified":"2020-04-20T20:36:40","modified_gmt":"2020-04-20T20:36:40","slug":"registro-de-marca-en-panama","status":"publish","type":"page","link":"https:\/\/gt-lawpanama.com\/es\/servicios\/asesoria-legal\/experiencia\/registro-de-marca-en-panama\/","title":{"rendered":"Registro de Marca en Panam\u00e1"},"content":{"rendered":"<p>&nbsp;<\/p>\n<h4>Tramite para Registro de una Marca:<\/h4>\n<p>Una Marca es la representaci\u00f3n simb\u00f3lica de todo aquello relacionado a una compa\u00f1\u00eda, producto o servicio. Incluyendo un nombre, un logotipo y otros elementos visuales como im\u00e1genes, tipograf\u00eda, esquemas de color y s\u00edmbolo.<\/p>\n<p><!--more--><\/p>\n<p><img loading=\"lazy\" decoding=\"async\" class=\" wp-image-815 alignleft\" src=\"http:\/\/gt-lawpanama.com\/wp-content\/uploads\/2015\/07\/brand1-767x1024.jpg\" alt=\"Brand word cloud illustration\" width=\"281\" height=\"375\" srcset=\"https:\/\/gt-lawpanama.com\/wp-content\/uploads\/2015\/07\/brand1-767x1024.jpg 767w, https:\/\/gt-lawpanama.com\/wp-content\/uploads\/2015\/07\/brand1-225x300.jpg 225w\" sizes=\"auto, (max-width: 281px) 100vw, 281px\" \/><\/p>\n<p>Incluye un conjunto de expectativas asociadas a un producto o servicio usualmente construido en la mente de la gente. Una marca no s\u00f3lo identifica al producto o servicio usualmente construido en la mente de la gente. Una marca no s\u00f3lo identifica al producto y su fabricante, es una especie de s\u00edmbolo o bandera que resume todo el contenido de un producto, de la empresa que lo realiza o de su elaboraci\u00f3n y su prestigio.<\/p>\n<p>La marca de una empresa no es simplemente un logotipo o una serie de colores combinados al azar. Hoy en d\u00eda, la marca tiene un importante uso estrat\u00e9gico y es una de las herramientas m\u00e1s importantes para el marketing. Y es de esta manera que en nuestra legislaci\u00f3n, la ley vigente que reglamenta el tr\u00e1mite sobre el registro de marcas de productos, servicios, colectivas y de garant\u00edas, las indicaciones de procedencia, las denominaciones de origen, los nombres comerciales, las exposiciones y se\u00f1ales de propaganda, las invenciones (patente de invenci\u00f3n, modelo de utilidad, dibujos o modelos industriales).<\/p>\n<h4><\/h4>\n<h4>Requisitos para registrar la marca:<\/h4>\n<p>1. Poder de abogado notariado y solicitud de abogado.<\/p>\n<p>2. Etiquetas, dise\u00f1o o dibujo de la marca (m\u00e1ximo 10 cms de ancho), las cuales se env\u00edan escaneadas.<\/p>\n<p>3. Certificado de Registro P\u00fablico de la sociedad.<\/p>\n<p>4. Descripci\u00f3n de la marca, incluyendo:\u00a0-Nombre, nacionalidad, domicilio preciso, n\u00famero del documento de identidad personal del solicitante o su raz\u00f3n social, lugar de constituci\u00f3n y domicilio preciso, si el solicitante es una persona jur\u00eddica:<\/p>\n<p style=\"padding-left: 30px;\">-Denominaci\u00f3n yo dise\u00f1o de la marca, tal como ser\u00e1 usada en el mercado;<br \/>\n-Especificaci\u00f3n de los productos o servicios en los cuales la marca es o ser\u00e1 usada;<br \/>\n-Fecha cuando se empez\u00f3 a usar la marca.<br \/>\n-Declaraci\u00f3n Jurada (la hace la firma de abogados)<br \/>\n-Pago de los derechos de marca por registro de 10 a\u00f1os o por 5 a\u00f1os.<\/p>\n<p>El derecho al Registro se adquiere por el uso, pero el derecho al uso exclusivo en el mercado, del signo distintivo, se adquiere solamente por su registro.<\/p>\n<p>El Registro permite la defensa del derecho exclusivo sobre la identidad del producto, es decir, de la marca que identifica al producto en el mercado y lo individualiza de otros productos. Las marcas son un activo intangible que tienen igual o mayor relevancia, en algunos casos, que el propio producto que ayuda identificar.<\/p>\n<blockquote><p>El registro de las marcas permite, entre otras cosas, que una empresa pueda combatir efectivamente la competencia desleal y la falsificaci\u00f3n de marcas.<\/p><\/blockquote>\n<p><strong>Importancia de la marca:<\/strong><\/p>\n<p style=\"padding-left: 30px;\">&#8211; Ayuda a diferenciar productos para darlos a conocer y promoverlos.<br \/>\n&#8211; La marca es la carta de presentaci\u00f3n de la empresa.<br \/>\n&#8211; Potencial la lealtad a la marca.<br \/>\n&#8211; Es un pre vendedor, ya que crea un deseo en el consumidor y le genera una serie de expectativas.<br \/>\n&#8211; La promoci\u00f3n de una marca en particular permite controlar el mercado.<br \/>\n&#8211; Permite ampliar la l\u00ednea de productos.<\/p>\n<p>Si quieres conocer mas de las marcas para registrarlas en Panam\u00e1, cont\u00e1ctanos<\/p>\n<p>&nbsp;<\/p>\n","protected":false},"excerpt":{"rendered":"<p>&nbsp; Tramite para Registro de una Marca: Una Marca es la representaci\u00f3n simb\u00f3lica de todo aquello relacionado a una compa\u00f1\u00eda, &#8230;<\/p>\n","protected":false},"author":1,"featured_media":841,"parent":975,"menu_order":0,"comment_status":"closed","ping_status":"open","template":"","meta":{"footnotes":""},"class_list":["post-1016","page","type-page","status-publish","has-post-thumbnail","hentry"],"_links":{"self":[{"href":"https:\/\/gt-lawpanama.com\/es\/wp-json\/wp\/v2\/pages\/1016","targetHints":{"allow":["GET"]}}],"collection":[{"href":"https:\/\/gt-lawpanama.com\/es\/wp-json\/wp\/v2\/pages"}],"about":[{"href":"https:\/\/gt-lawpanama.com\/es\/wp-json\/wp\/v2\/types\/page"}],"author":[{"embeddable":true,"href":"https:\/\/gt-lawpanama.com\/es\/wp-json\/wp\/v2\/users\/1"}],"replies":[{"embeddable":true,"href":"https:\/\/gt-lawpanama.com\/es\/wp-json\/wp\/v2\/comments?post=1016"}],"version-history":[{"count":3,"href":"https:\/\/gt-lawpanama.com\/es\/wp-json\/wp\/v2\/pages\/1016\/revisions"}],"predecessor-version":[{"id":1019,"href":"https:\/\/gt-lawpanama.com\/es\/wp-json\/wp\/v2\/pages\/1016\/revisions\/1019"}],"up":[{"embeddable":true,"href":"https:\/\/gt-lawpanama.com\/es\/wp-json\/wp\/v2\/pages\/975"}],"wp:featuredmedia":[{"embeddable":true,"href":"https:\/\/gt-lawpanama.com\/es\/wp-json\/wp\/v2\/media\/841"}],"wp:attachment":[{"href":"https:\/\/gt-lawpanama.com\/es\/wp-json\/wp\/v2\/media?parent=1016"}],"curies":[{"name":"wp","href":"https:\/\/api.w.org\/{rel}","templated":true}]}}