{"id":1020,"date":"2015-07-16T07:45:12","date_gmt":"2015-07-16T07:45:12","guid":{"rendered":"http:\/\/gt-lawpanama.com\/es\/?page_id=1020"},"modified":"2020-04-20T20:36:57","modified_gmt":"2020-04-20T20:36:57","slug":"visa-de-paises-amigos-en-panama","status":"publish","type":"page","link":"https:\/\/gt-lawpanama.com\/es\/servicios\/asesoria-legal\/experiencia\/visa-de-paises-amigos-en-panama\/","title":{"rendered":"Visa de pa\u00edses amigos en Panam\u00e1"},"content":{"rendered":"<h5>Residencia Permanente para pa\u00edses que poseen relaciones de Amistad, Profesionales, Econ\u00f3micas y de Inversi\u00f3n con Panam\u00e1.<\/h5>\n<p>Este permiso otorga permanencia definitiva en nuestro pa\u00eds y otorga derecho a c\u00e9dula paname\u00f1a.<\/p>\n<p><!--more--><\/p>\n<p>Los pa\u00edses que aplican para el permiso de Residencia en Panam\u00e1 son los siguientes: Reino Unido de Gran Breta\u00f1a e Irlanda del Norte, Rep\u00fablica Federal de Alemania, Rep\u00fablica de Argentina, Confederaci\u00f3n de Australia, Rep\u00fablica de Corea, Rep\u00fablica de Austria, Rep\u00fablica Federativa de Brasil, Reino de B\u00e9lgica, Canad\u00e1, Reino de Espa\u00f1a, Estados Unidos de Norteam\u00e9rica, Rep\u00fablica Eslovaca, Rep\u00fablica Francesa, Rep\u00fablica de Finlandia, Reino de los Pa\u00edses, Rep\u00fablica de Irlanda, Estado de Jap\u00f3n, Reino de Noruega, Rep\u00fablica Checa, Confederaci\u00f3n de Suiza, Rep\u00fablica de Singapur, Rep\u00fablica Oriental de Uruguay, Rep\u00fablica de Chile, Reina de Suecia, Rep\u00fablica de Singapur, Rep\u00fablica Oriental de Uruguay, Rep\u00fablica de Chile, Reina de Suecia, Rep\u00fablica de Polonia, Hungr\u00eda, Rep\u00fablica de Hel\u00e9nica (Grecia), Rep\u00fablica Portuguesa, Rep\u00fablica de Croacia, Rep\u00fablica de Estonia, Rep\u00fablica de Lituania, Latvia, Rep\u00fablica de Chipre, Rep\u00fablica de Malta, Rep\u00fablica de Servia, Rep\u00fablica Montenegro, Estado de Israel, Reino de Dinamarca, Rep\u00fablica de Sud\u00e1frica, Nueva Zelanda, Regi\u00f3n Administrativa Especial de Hong Kong, Gran Ducado Luxemburgo, Principado de Liechtenstein, Principado de M\u00f3naco, Principado de Andorra, Serenisima, Rep\u00fablica de San Marino, Rep\u00fablica de Taiw\u00e1n, Rep\u00fablica de Costa Rica, Rep\u00fablica de Paraguay y Estados Unidos Mexicanos.<\/p>\n<p><img loading=\"lazy\" decoding=\"async\" class=\" size-medium wp-image-811 alignleft\" src=\"http:\/\/gt-lawpanama.com\/wp-content\/uploads\/2015\/07\/36001731_original-300x200.jpg\" alt=\"Different countries flags united together against blue sky\" width=\"300\" height=\"200\" srcset=\"https:\/\/gt-lawpanama.com\/wp-content\/uploads\/2015\/07\/36001731_original-300x200.jpg 300w, https:\/\/gt-lawpanama.com\/wp-content\/uploads\/2015\/07\/36001731_original-1024x682.jpg 1024w, https:\/\/gt-lawpanama.com\/wp-content\/uploads\/2015\/07\/36001731_original.jpg 2000w\" sizes=\"auto, (max-width: 300px) 100vw, 300px\" \/>Los solicitantes de este tr\u00e1mite podr\u00e1n incluir a sus dependientes a sus conyugues, hijos menores de 18 a\u00f1os hasta los 25 a\u00f1os, podr\u00e1n ser solicitados como dependientes siempre que demuestren que estudien de manera regular y se encuentren bajo dependencia econ\u00f3mica del solicitante. El extranjero que demuestre tener la tutela o guarda y crianza de su persona menor de edad, podr\u00e1 solicitarlo como dependiente.<\/p>\n<p>&nbsp;<\/p>\n<p>Los requisitos que se deber\u00e1 aportar para este tr\u00e1mite, aparte de los que se\u00f1ala el art\u00edculo 28 del Decreto Ley 2 del 22 de febrero del 2008son los siguientes:<\/p>\n<p>&nbsp;<\/p>\n<ol>\n<li>Tres (3) fotos tama\u00f1o carnet.<\/li>\n<li>Documento que demuestre la finalidad de requerir su residencia permanente, seg\u00fan la actividad econ\u00f3mica o profesional a realizar. (Para comprobar este requisito puede ser por medio de la creaci\u00f3n de una sociedad an\u00f3nima en Panam\u00e1 en donde se pruebe que el solicitante es el titular de las acciones de dicha empresa) o por medio de una promesa de contrato de trabajo.<\/li>\n<li>Prueba de Solvencia Econ\u00f3mica del solicitante, que se demostrara aportando lo siguiente: -Carta de Referencia Bancaria o Estado de Cuenta del solicitante en donde demuestre que cuenta con cuatro cifras medias.<\/li>\n<li>Copia del Documento de identidad personal o carn\u00e9 de residencia de su pa\u00eds.<\/li>\n<li>Carta de Responsabilidad, s\u00ed procede. 6. Certificaci\u00f3n que compruebe el parentesco, en caso de dependientes.<\/li>\n<\/ol>\n","protected":false},"excerpt":{"rendered":"<p>Residencia Permanente para pa\u00edses que poseen relaciones de Amistad, Profesionales, Econ\u00f3micas y de Inversi\u00f3n con Panam\u00e1. Este permiso otorga permanencia &#8230;<\/p>\n","protected":false},"author":1,"featured_media":811,"parent":975,"menu_order":0,"comment_status":"closed","ping_status":"open","template":"","meta":{"footnotes":""},"class_list":["post-1020","page","type-page","status-publish","has-post-thumbnail","hentry"],"_links":{"self":[{"href":"https:\/\/gt-lawpanama.com\/es\/wp-json\/wp\/v2\/pages\/1020","targetHints":{"allow":["GET"]}}],"collection":[{"href":"https:\/\/gt-lawpanama.com\/es\/wp-json\/wp\/v2\/pages"}],"about":[{"href":"https:\/\/gt-lawpanama.com\/es\/wp-json\/wp\/v2\/types\/page"}],"author":[{"embeddable":true,"href":"https:\/\/gt-lawpanama.com\/es\/wp-json\/wp\/v2\/users\/1"}],"replies":[{"embeddable":true,"href":"https:\/\/gt-lawpanama.com\/es\/wp-json\/wp\/v2\/comments?post=1020"}],"version-history":[{"count":2,"href":"https:\/\/gt-lawpanama.com\/es\/wp-json\/wp\/v2\/pages\/1020\/revisions"}],"predecessor-version":[{"id":1022,"href":"https:\/\/gt-lawpanama.com\/es\/wp-json\/wp\/v2\/pages\/1020\/revisions\/1022"}],"up":[{"embeddable":true,"href":"https:\/\/gt-lawpanama.com\/es\/wp-json\/wp\/v2\/pages\/975"}],"wp:featuredmedia":[{"embeddable":true,"href":"https:\/\/gt-lawpanama.com\/es\/wp-json\/wp\/v2\/media\/811"}],"wp:attachment":[{"href":"https:\/\/gt-lawpanama.com\/es\/wp-json\/wp\/v2\/media?parent=1020"}],"curies":[{"name":"wp","href":"https:\/\/api.w.org\/{rel}","templated":true}]}}