{"id":1023,"date":"2015-07-16T07:47:34","date_gmt":"2015-07-16T07:47:34","guid":{"rendered":"http:\/\/gt-lawpanama.com\/es\/?page_id=1023"},"modified":"2020-04-20T20:36:40","modified_gmt":"2020-04-20T20:36:40","slug":"permiso-de-trabajo-en-panama","status":"publish","type":"page","link":"https:\/\/gt-lawpanama.com\/es\/servicios\/asesoria-legal\/experiencia\/permiso-de-trabajo-en-panama\/","title":{"rendered":"Permiso de trabajo en Panam\u00e1"},"content":{"rendered":"<p>Si desea aplicar para un permiso de trabajo, deber\u00e1s tener en cuenta que antes deber\u00e1s establecer una categor\u00eda migratoria, es decir deber\u00e1s contar con alg\u00fan permiso avalado por el Servicio Nacional de Migraci\u00f3n.<!--more--><\/p>\n<p>El Ministerio de Trabajo y Desarrollo Laboral es la entidad encargada de aprobar los permisos de trabajo para trabajadores extranjeros.<\/p>\n<p>Los permisos de trabajos van conjuntos con el permiso que se les otorgo en Migraci\u00f3n. Podremos decir que si en migraci\u00f3n el permiso otorgado fue de casado con nacional, el permiso de trabajo debe ser solicitado en base a Casado con Nacional. No podr\u00e1n solicitar un permiso de trabajo como Casado con Nacional y tener un permiso de migraci\u00f3n en calidad de 10% del personal ordinario.<\/p>\n<p>Detallamos los diferentes permisos de trabajo:<\/p>\n<ol>\n<li>Trabajador extranjero con c\u00f3nyuge de nacionalidad paname\u00f1a.<\/li>\n<li>Trabajador extranjero con 10 a\u00f1os o m\u00e1s de residencia en Panam\u00e1.<\/li>\n<li>Trabajador extranjero dentro del 10% del personal ordinario.<\/li>\n<li>Trabajador extranjero experto o t\u00e9cnico dentro del 15% del personal especializado.<\/li>\n<li>Trabajador extranjero en calidad de ejecutivo en empresa de la Zona Libre de Col\u00f3n.<\/li>\n<li>Trabajador extranjero en empresas que tengan menos de diez trabajadores de conformidad al Acuerdo Marrakech.<\/li>\n<li>Trabajador extranjero en calidad de trabajador de confianza de empresa que surten sus efectos en el exterior.<\/li>\n<li>Trabajadores extranjeros profesionales.<\/li>\n<li>Permiso de trabajo para los extranjeros que laboran en las empresas afiliadas a la Ciudad del Saber.<\/li>\n<li>Permiso de trabajo para extranjeros de Pa\u00edses Espec\u00edficos.<\/li>\n<li>Permiso de trabajo por Reagrupaci\u00f3n Familiar.<\/li>\n<li>Permiso de Trabajo por Tratado Panam\u00e1-Italia.<\/li>\n<li>Permiso de trabajo para trabajador extranjero con c\u00f3nyuge de nacionalidad paname\u00f1a en virtud de patria potestad.<\/li>\n<\/ol>\n","protected":false},"excerpt":{"rendered":"<p>Si desea aplicar para un permiso de trabajo, deber\u00e1s tener en cuenta que antes deber\u00e1s establecer una categor\u00eda migratoria, es &#8230;<\/p>\n","protected":false},"author":1,"featured_media":812,"parent":975,"menu_order":0,"comment_status":"closed","ping_status":"open","template":"","meta":{"footnotes":""},"class_list":["post-1023","page","type-page","status-publish","has-post-thumbnail","hentry"],"_links":{"self":[{"href":"https:\/\/gt-lawpanama.com\/es\/wp-json\/wp\/v2\/pages\/1023","targetHints":{"allow":["GET"]}}],"collection":[{"href":"https:\/\/gt-lawpanama.com\/es\/wp-json\/wp\/v2\/pages"}],"about":[{"href":"https:\/\/gt-lawpanama.com\/es\/wp-json\/wp\/v2\/types\/page"}],"author":[{"embeddable":true,"href":"https:\/\/gt-lawpanama.com\/es\/wp-json\/wp\/v2\/users\/1"}],"replies":[{"embeddable":true,"href":"https:\/\/gt-lawpanama.com\/es\/wp-json\/wp\/v2\/comments?post=1023"}],"version-history":[{"count":2,"href":"https:\/\/gt-lawpanama.com\/es\/wp-json\/wp\/v2\/pages\/1023\/revisions"}],"predecessor-version":[{"id":1025,"href":"https:\/\/gt-lawpanama.com\/es\/wp-json\/wp\/v2\/pages\/1023\/revisions\/1025"}],"up":[{"embeddable":true,"href":"https:\/\/gt-lawpanama.com\/es\/wp-json\/wp\/v2\/pages\/975"}],"wp:featuredmedia":[{"embeddable":true,"href":"https:\/\/gt-lawpanama.com\/es\/wp-json\/wp\/v2\/media\/812"}],"wp:attachment":[{"href":"https:\/\/gt-lawpanama.com\/es\/wp-json\/wp\/v2\/media?parent=1023"}],"curies":[{"name":"wp","href":"https:\/\/api.w.org\/{rel}","templated":true}]}}