{"id":955,"date":"2015-07-15T19:32:35","date_gmt":"2015-07-15T19:32:35","guid":{"rendered":"http:\/\/gt-lawpanama.com\/es\/?page_id=955"},"modified":"2020-04-20T20:36:39","modified_gmt":"2020-04-20T20:36:39","slug":"nuestro-bufete","status":"publish","type":"page","link":"https:\/\/gt-lawpanama.com\/es\/nuestro-bufete\/","title":{"rendered":"Nuestro bufete"},"content":{"rendered":"<div class=\"wpb-content-wrapper\"><p>[vc_row][vc_column width=\u00bb1\/2&#8243;][vc_single_image image=\u00bb797&#8243; border_color=\u00bbgrey\u00bb img_link_target=\u00bb_self\u00bb img_size=\u00bbmedium-thumb\u00bb img_link_large=\u00bb\u00bb][\/vc_column][vc_column width=\u00bb1\/2&#8243;][vc_column_text]Nuestra firma de abogados esta conformada por profesionales del derecho con un amplio conocimiento general y entera disposici\u00f3n de personalizar el trato a nuestros clientes.<\/p>\n<p>Nuestra formaci\u00f3n es totalmente biling\u00fce de los idiomas espa\u00f1ol-ingles y el idioma italiano lo ofrecemos a trav\u00e9s de uno de nuestros colaboradores.<\/p>\n<p>Pretendemos siempre integrar a nuestros nuevos clientes a la familia garrido-torres, que cada vez crece mas con una orgullosa aceptaci\u00f3n que ha permitido retroalimentar nuestro deseo de continuar brindando la mejor asesor\u00eda y servicio del mercado dentro de nuestra humilde pero muy valorada estructura legal.<\/p>\n<p>\u201cquiz\u00e1s no seamos los que mejor lo hacemos, pero como lo hacemos nosotros, no lo hace nadie.\u201d<\/p>\n<p>Permitanos cotizarles sin compromiso si esta fuera de panam\u00e1, estando en panam\u00e1 le recibimos gratis para su consulta y le garantizamos que le va a encantar trabajar con nosotros.[\/vc_column_text][\/vc_column][\/vc_row][vc_row][vc_column width=\u00bb1\/1&#8243;]\n\t<div class=\"child-page-wrapper\">\n\t\t<h3 class=\"builder-heading\">La Firma<\/h3>\n\t\t<div class=\"grid-wrapper grid-3-columns grid-row \">\n\t\t\t<div class=\"grid-item grid-sm-6 grid-md-4\">\n\t\t\t\t<div class=\"grid-thumbnail\">\n\t\t\t\t\t<a href=\"https:\/\/gt-lawpanama.com\/es\/nuestro-bufete\/mision\/\" title=\"Misi\u00f3n\"><img loading=\"lazy\" decoding=\"async\" width=\"500\" height=\"300\" src=\"https:\/\/gt-lawpanama.com\/wp-content\/uploads\/2015\/07\/9322812_mod-500x300.jpg\" class=\"attachment-medium-thumb size-medium-thumb wp-post-image\" alt=\"\" \/><\/a>\n\t\t\t\t<\/div>\n\t\t\t\t<h3 class=\"grid-title\"><a href=\"https:\/\/gt-lawpanama.com\/es\/nuestro-bufete\/mision\/\" rel=\"bookmark\">Misi\u00f3n<\/a><\/h3>\n\n\t\t\t\t<p>Crecer y hacer crecer. Darle el m\u00e1ximo valor a la confianza que nos depositan nuestros clientes. Ofrecerles una mejor calidad ...<\/p>\n\n\t\t\t\t<a class=\"grid-more\" href=\"https:\/\/gt-lawpanama.com\/es\/nuestro-bufete\/mision\/\" title=\"Misi\u00f3n\">Read More<\/a>\n\n\t\t\t<\/div>\n\t\t\t\n\t\t\t<div class=\"grid-item grid-sm-6 grid-md-4\">\n\t\t\t\t<div class=\"grid-thumbnail\">\n\t\t\t\t\t<a href=\"https:\/\/gt-lawpanama.com\/es\/nuestro-bufete\/sobre-nosotros\/\" title=\"Sobre Nosotros\"><img loading=\"lazy\" decoding=\"async\" width=\"500\" height=\"300\" src=\"https:\/\/gt-lawpanama.com\/wp-content\/uploads\/2015\/07\/8230126_mod-500x300.jpg\" class=\"attachment-medium-thumb size-medium-thumb wp-post-image\" alt=\"\" \/><\/a>\n\t\t\t\t<\/div>\n\t\t\t\t<h3 class=\"grid-title\"><a href=\"https:\/\/gt-lawpanama.com\/es\/nuestro-bufete\/sobre-nosotros\/\" rel=\"bookmark\">Sobre Nosotros<\/a><\/h3>\n\n\t\t\t\t<p>Somos una compa\u00f1\u00eda din\u00e1mica de profesionales id\u00f3neos en el campo del Derecho y Bienes Ra\u00edces con una comprobada efectividad en ...<\/p>\n\n\t\t\t\t<a class=\"grid-more\" href=\"https:\/\/gt-lawpanama.com\/es\/nuestro-bufete\/sobre-nosotros\/\" title=\"Sobre Nosotros\">Read More<\/a>\n\n\t\t\t<\/div>\n\t\t\t\n\t\t\t<div class=\"grid-item grid-sm-6 grid-md-4\">\n\t\t\t\t<div class=\"grid-thumbnail\">\n\t\t\t\t\t<a href=\"https:\/\/gt-lawpanama.com\/es\/nuestro-bufete\/vision\/\" title=\"Visi\u00f3n\"><img loading=\"lazy\" decoding=\"async\" width=\"500\" height=\"300\" src=\"https:\/\/gt-lawpanama.com\/wp-content\/uploads\/2015\/01\/6110988_mod-e1433084219232-500x300.jpg\" class=\"attachment-medium-thumb size-medium-thumb wp-post-image\" alt=\"\" \/><\/a>\n\t\t\t\t<\/div>\n\t\t\t\t<h3 class=\"grid-title\"><a href=\"https:\/\/gt-lawpanama.com\/es\/nuestro-bufete\/vision\/\" rel=\"bookmark\">Visi\u00f3n<\/a><\/h3>\n\n\t\t\t\t<p>Garantizamos un servicio personalizado de excelencia fundado en la confianza y el estricto cumplimiento de nuestros t\u00e9rminos. Nuestro prop\u00f3sito es ...<\/p>\n\n\t\t\t\t<a class=\"grid-more\" href=\"https:\/\/gt-lawpanama.com\/es\/nuestro-bufete\/vision\/\" title=\"Visi\u00f3n\">Read More<\/a>\n\n\t\t\t<\/div>\n\t\t\t\n\t\t\t\t<div class=\"clear\"><\/div>\n\t\t<\/div>\n\t<\/div>[\/vc_column][\/vc_row]<\/p>\n<\/div>","protected":false},"excerpt":{"rendered":"<p>[vc_row][vc_column width=\u00bb1\/2&#8243;][vc_single_image image=\u00bb797&#8243; border_color=\u00bbgrey\u00bb img_link_target=\u00bb_self\u00bb img_size=\u00bbmedium-thumb\u00bb img_link_large=\u00bb\u00bb][\/vc_column][vc_column width=\u00bb1\/2&#8243;][vc_column_text]Nuestra firma de abogados esta conformada por profesionales del derecho con un amplio &#8230;<\/p>\n","protected":false},"author":1,"featured_media":0,"parent":0,"menu_order":0,"comment_status":"closed","ping_status":"open","template":"","meta":{"footnotes":""},"class_list":["post-955","page","type-page","status-publish","hentry"],"_links":{"self":[{"href":"https:\/\/gt-lawpanama.com\/es\/wp-json\/wp\/v2\/pages\/955","targetHints":{"allow":["GET"]}}],"collection":[{"href":"https:\/\/gt-lawpanama.com\/es\/wp-json\/wp\/v2\/pages"}],"about":[{"href":"https:\/\/gt-lawpanama.com\/es\/wp-json\/wp\/v2\/types\/page"}],"author":[{"embeddable":true,"href":"https:\/\/gt-lawpanama.com\/es\/wp-json\/wp\/v2\/users\/1"}],"replies":[{"embeddable":true,"href":"https:\/\/gt-lawpanama.com\/es\/wp-json\/wp\/v2\/comments?post=955"}],"version-history":[{"count":4,"href":"https:\/\/gt-lawpanama.com\/es\/wp-json\/wp\/v2\/pages\/955\/revisions"}],"predecessor-version":[{"id":959,"href":"https:\/\/gt-lawpanama.com\/es\/wp-json\/wp\/v2\/pages\/955\/revisions\/959"}],"wp:attachment":[{"href":"https:\/\/gt-lawpanama.com\/es\/wp-json\/wp\/v2\/media?parent=955"}],"curies":[{"name":"wp","href":"https:\/\/api.w.org\/{rel}","templated":true}]}}