{"id":963,"date":"2015-07-15T19:39:40","date_gmt":"2015-07-15T19:39:40","guid":{"rendered":"http:\/\/gt-lawpanama.com\/es\/?page_id=963"},"modified":"2020-04-20T20:36:39","modified_gmt":"2020-04-20T20:36:39","slug":"sobre-nosotros","status":"publish","type":"page","link":"https:\/\/gt-lawpanama.com\/es\/nuestro-bufete\/sobre-nosotros\/","title":{"rendered":"Sobre Nosotros"},"content":{"rendered":"<p>Somos una compa\u00f1\u00eda din\u00e1mica de profesionales id\u00f3neos en el campo del Derecho y Bienes Ra\u00edces con una comprobada efectividad en nuestras gestiones. Esto nos ha llevado a un r\u00e1pido crecimiento y competitividad en el mundo empresarial. Nuestros clientes se han encargado de recomendarnos por el alto grado de satisfacci\u00f3n que han sentido con la personalizaci\u00f3n de nuestro trabajo. Los socios de la firma de abogados son expertos en las diferentes materias jur\u00eddicas que ofrecemos dando as\u00ed un servicio total que abarca las ramas del Derecho.<\/p>\n<p>Al iniciar la asesor\u00eca de Bienes Ra\u00edces en el a\u00f1o 2007, comenzamos con las Inversiones Inmobiliarias. Hoy hemos ampliado mas nuestros servicios en cuanto a alquileres, leasings, concesiones y compraventas. Estamos en la disponibilidad de cubrir todas las necesidades que puedan tener tanto los clientes paname\u00f1os como los extranjeros, con especialidad en reubicaci\u00f2n (relocation) donde inclu\u00ecmos vivienda, negocios, status migratorio y apertura empresarial. Para nuestros clientes de alquiler y compraventa, garantizamos la tramitaci\u00f3n legal de forma gratuita y expedita. Cuando decida contactarnos, le asesoramos y cotizamos sin compromiso. Con su voto de confianza, lo haremos exitosamente parte de nuestra gran familia.<\/p>\n","protected":false},"excerpt":{"rendered":"<p>Somos una compa\u00f1\u00eda din\u00e1mica de profesionales id\u00f3neos en el campo del Derecho y Bienes Ra\u00edces con una comprobada efectividad en &#8230;<\/p>\n","protected":false},"author":1,"featured_media":800,"parent":955,"menu_order":0,"comment_status":"closed","ping_status":"open","template":"","meta":{"footnotes":""},"class_list":["post-963","page","type-page","status-publish","has-post-thumbnail","hentry"],"_links":{"self":[{"href":"https:\/\/gt-lawpanama.com\/es\/wp-json\/wp\/v2\/pages\/963","targetHints":{"allow":["GET"]}}],"collection":[{"href":"https:\/\/gt-lawpanama.com\/es\/wp-json\/wp\/v2\/pages"}],"about":[{"href":"https:\/\/gt-lawpanama.com\/es\/wp-json\/wp\/v2\/types\/page"}],"author":[{"embeddable":true,"href":"https:\/\/gt-lawpanama.com\/es\/wp-json\/wp\/v2\/users\/1"}],"replies":[{"embeddable":true,"href":"https:\/\/gt-lawpanama.com\/es\/wp-json\/wp\/v2\/comments?post=963"}],"version-history":[{"count":2,"href":"https:\/\/gt-lawpanama.com\/es\/wp-json\/wp\/v2\/pages\/963\/revisions"}],"predecessor-version":[{"id":965,"href":"https:\/\/gt-lawpanama.com\/es\/wp-json\/wp\/v2\/pages\/963\/revisions\/965"}],"up":[{"embeddable":true,"href":"https:\/\/gt-lawpanama.com\/es\/wp-json\/wp\/v2\/pages\/955"}],"wp:featuredmedia":[{"embeddable":true,"href":"https:\/\/gt-lawpanama.com\/es\/wp-json\/wp\/v2\/media\/800"}],"wp:attachment":[{"href":"https:\/\/gt-lawpanama.com\/es\/wp-json\/wp\/v2\/media?parent=963"}],"curies":[{"name":"wp","href":"https:\/\/api.w.org\/{rel}","templated":true}]}}