{"id":967,"date":"2015-07-15T19:42:12","date_gmt":"2015-07-15T19:42:12","guid":{"rendered":"http:\/\/gt-lawpanama.com\/es\/?page_id=967"},"modified":"2020-04-20T20:36:40","modified_gmt":"2020-04-20T20:36:40","slug":"vision","status":"publish","type":"page","link":"https:\/\/gt-lawpanama.com\/es\/nuestro-bufete\/vision\/","title":{"rendered":"Visi\u00f3n"},"content":{"rendered":"<p>Garantizamos un servicio personalizado de excelencia fundado en la confianza y el estricto cumplimiento de nuestros t\u00e9rminos. Nuestro prop\u00f3sito es educar con asesoramiento a todas las personas interesadas en conocer su situaci\u00f3n o resolver conflictos para lograr conducir las negociaciones con buena fe y el respeto a la parte oponente. Ser emp\u00e1ticos para realizar las verdaderas necesidades de quienes nos contactan, buscando como resultado el GANAR-GANAR. Impulsar el progreso y el desarrollo de nuestro pa\u00eds; con un alto compromiso de brindar calidad, integridad, eficacia y transparencia en cada una de nuestras acciones preservando los valores humanos y la continuidad de nuestras relaciones con todos nuestros clientes.<\/p>\n","protected":false},"excerpt":{"rendered":"<p>Garantizamos un servicio personalizado de excelencia fundado en la confianza y el estricto cumplimiento de nuestros t\u00e9rminos. Nuestro prop\u00f3sito es &#8230;<\/p>\n","protected":false},"author":1,"featured_media":864,"parent":955,"menu_order":0,"comment_status":"closed","ping_status":"closed","template":"","meta":{"footnotes":""},"class_list":["post-967","page","type-page","status-publish","has-post-thumbnail","hentry"],"_links":{"self":[{"href":"https:\/\/gt-lawpanama.com\/es\/wp-json\/wp\/v2\/pages\/967","targetHints":{"allow":["GET"]}}],"collection":[{"href":"https:\/\/gt-lawpanama.com\/es\/wp-json\/wp\/v2\/pages"}],"about":[{"href":"https:\/\/gt-lawpanama.com\/es\/wp-json\/wp\/v2\/types\/page"}],"author":[{"embeddable":true,"href":"https:\/\/gt-lawpanama.com\/es\/wp-json\/wp\/v2\/users\/1"}],"replies":[{"embeddable":true,"href":"https:\/\/gt-lawpanama.com\/es\/wp-json\/wp\/v2\/comments?post=967"}],"version-history":[{"count":1,"href":"https:\/\/gt-lawpanama.com\/es\/wp-json\/wp\/v2\/pages\/967\/revisions"}],"predecessor-version":[{"id":968,"href":"https:\/\/gt-lawpanama.com\/es\/wp-json\/wp\/v2\/pages\/967\/revisions\/968"}],"up":[{"embeddable":true,"href":"https:\/\/gt-lawpanama.com\/es\/wp-json\/wp\/v2\/pages\/955"}],"wp:featuredmedia":[{"embeddable":true,"href":"https:\/\/gt-lawpanama.com\/es\/wp-json\/wp\/v2\/media\/864"}],"wp:attachment":[{"href":"https:\/\/gt-lawpanama.com\/es\/wp-json\/wp\/v2\/media?parent=967"}],"curies":[{"name":"wp","href":"https:\/\/api.w.org\/{rel}","templated":true}]}}