{"id":971,"date":"2015-07-15T19:46:46","date_gmt":"2015-07-15T19:46:46","guid":{"rendered":"http:\/\/gt-lawpanama.com\/es\/?page_id=971"},"modified":"2020-04-20T20:36:56","modified_gmt":"2020-04-20T20:36:56","slug":"asesoria-legal","status":"publish","type":"page","link":"https:\/\/gt-lawpanama.com\/es\/servicios\/asesoria-legal\/","title":{"rendered":"Asesoria legal"},"content":{"rendered":"<div class=\"wpb-content-wrapper\"><p>[vc_row][vc_column]\n\t<div class=\"custom-heading wpb_content_element  text-center\">\n\t\t<h2 class=\"heading-title\" >ASESOR\u00cdA LEGAL<\/h2>\n\t\t<span class=\"heading-line \"style=\"background-color: #6d0003\"><\/span>\n\t<\/div>[\/vc_column][\/vc_row][vc_row][vc_column][vc_single_image image=\u00bb1164&#8243; img_size=\u00bbfull\u00bb alignment=\u00bbcenter\u00bb][\/vc_column][\/vc_row][vc_row][vc_column][vc_column_text]Te ofrecemos nuestros servicios de Consultor\u00eda Jur\u00eddica en cualquiera de las ramas del Derecho para ayudar a dilucidar y resolver asuntos muy complicados por el car\u00e1cter de subordinaci\u00f3n y dependencia que ejercen unas leyes sobre otras, la gran magnitud de disposiciones legales acorde al acelerado r\u00e9gimen de cambio que se produce en las actuales relaciones sociales en cualquier parte del mundo.<\/p>\n<h4><strong>Estas son nuestras \u00e1reas de trabajo:<\/strong><\/h4>\n<p>&#8211; Tr\u00e1mites Migratorios<br \/>\n&#8211; Permisos de trabajo para extranjeros.<br \/>\n&#8211; Apertura general de sociedades y Fundaciones.<br \/>\n&#8211; Derechos Posesorios de tierras.<br \/>\n&#8211; Procesos Civiles de Sucesi\u00f3n.<br \/>\n&#8211; Procesos Mar\u00edtimos.<br \/>\n&#8211; Demandas Internacionales.<br \/>\n&#8211; Demandas Laborales.<br \/>\n&#8211; Titulaci\u00f3n de Tierras.<br \/>\n&#8211; Estructura Legal de Proyectos de Construcci\u00f3n.<br \/>\n&#8211; Derecho Penal.<br \/>\n&#8211; Tramites ante la Junta de Control de Juegos<br \/>\n&#8211; T\u00f3mbolas, promociones comerciales, rifas.<br \/>\n&#8211; Tramite para apertura de Casinos, para apuestas deportivas, apuestas en l\u00ednea.[\/vc_column_text][\/vc_column][\/vc_row][vc_row][vc_column]\n\t<div class=\"custom-heading wpb_content_element  text-center\">\n\t\t<h2 class=\"heading-title\" >\u00daLTIMAS NOTICIAS<\/h2>\n\t\t<span class=\"heading-line \"style=\"background-color: #6d0003\"><\/span>\n\t<\/div>[\/vc_column][\/vc_row][vc_row][vc_column]\n\t<div class=\"child-page-wrapper\">\n\t\t<div class=\"grid-wrapper grid-3-columns grid-row \">\n\t\t\t<div class=\"grid-item grid-sm-6 grid-md-4\">\n\t\t\t\t<div class=\"grid-thumbnail\">\n\t\t\t\t\t<a href=\"https:\/\/gt-lawpanama.com\/es\/servicios\/asesoria-legal\/experiencia\/sociedades-anonimas-en-panama\/\" title=\"Sociedades An\u00f3nimas en Panam\u00e1\"><img loading=\"lazy\" decoding=\"async\" width=\"500\" height=\"300\" src=\"https:\/\/gt-lawpanama.com\/wp-content\/uploads\/2015\/07\/19762939_original-500x300.jpg\" class=\"attachment-medium-thumb size-medium-thumb wp-post-image\" alt=\"\" \/><\/a>\n\t\t\t\t<\/div>\n\t\t\t\t<h3 class=\"grid-title\"><a href=\"https:\/\/gt-lawpanama.com\/es\/servicios\/asesoria-legal\/experiencia\/sociedades-anonimas-en-panama\/\" rel=\"bookmark\">Sociedades An\u00f3nimas en Panam\u00e1<\/a><\/h3>\n\n\t\t\t\t<p>La sociedad an\u00f3nima conocida por sus siglas (S.A.) es aquella sociedad mercantil cuyos titulares lo son en virtud de una ...<\/p>\n\n\t\t\t\t<a class=\"grid-more\" href=\"https:\/\/gt-lawpanama.com\/es\/servicios\/asesoria-legal\/experiencia\/sociedades-anonimas-en-panama\/\" title=\"Sociedades An\u00f3nimas en Panam\u00e1\">Leer m\u00e1s<\/a>\n\n\t\t\t<\/div>\n\t\t\t\n\t\t\t<div class=\"grid-item grid-sm-6 grid-md-4\">\n\t\t\t\t<div class=\"grid-thumbnail\">\n\t\t\t\t\t<a href=\"https:\/\/gt-lawpanama.com\/es\/servicios\/asesoria-legal\/experiencia\/visa-de-dependiente-de-residente-permanente-en-panama\/\" title=\"Visa de dependiente de Residente Permanente en Panam\u00e1\"><img loading=\"lazy\" decoding=\"async\" width=\"500\" height=\"300\" src=\"https:\/\/gt-lawpanama.com\/wp-content\/uploads\/2015\/07\/11892194_original-500x300.jpg\" class=\"attachment-medium-thumb size-medium-thumb wp-post-image\" alt=\"\" \/><\/a>\n\t\t\t\t<\/div>\n\t\t\t\t<h3 class=\"grid-title\"><a href=\"https:\/\/gt-lawpanama.com\/es\/servicios\/asesoria-legal\/experiencia\/visa-de-dependiente-de-residente-permanente-en-panama\/\" rel=\"bookmark\">Visa de dependiente de Residente Permanente en Panam\u00e1<\/a><\/h3>\n\n\t\t\t\t<p>Podr\u00e1 \u00a0solicitar este permiso los extranjeros\u00a0c\u00f3nyuges, hijos menores de dieciocho 18 (a\u00f1os), familiares con discapacidad y padres dependientes de un ...<\/p>\n\n\t\t\t\t<a class=\"grid-more\" href=\"https:\/\/gt-lawpanama.com\/es\/servicios\/asesoria-legal\/experiencia\/visa-de-dependiente-de-residente-permanente-en-panama\/\" title=\"Visa de dependiente de Residente Permanente en Panam\u00e1\">Leer m\u00e1s<\/a>\n\n\t\t\t<\/div>\n\t\t\t\n\t\t\t<div class=\"grid-item grid-sm-6 grid-md-4\">\n\t\t\t\t<div class=\"grid-thumbnail\">\n\t\t\t\t\t<a href=\"https:\/\/gt-lawpanama.com\/es\/servicios\/asesoria-legal\/experiencia\/como-tramitar-un-prestamo-hipotecario-en-panama\/\" title=\"Como tramitar un pr\u00e9stamo hipotecario en panam\u00e1\"><img loading=\"lazy\" decoding=\"async\" width=\"500\" height=\"300\" src=\"https:\/\/gt-lawpanama.com\/wp-content\/uploads\/2015\/07\/DP_2816679_original-500x300.jpg\" class=\"attachment-medium-thumb size-medium-thumb wp-post-image\" alt=\"\" \/><\/a>\n\t\t\t\t<\/div>\n\t\t\t\t<h3 class=\"grid-title\"><a href=\"https:\/\/gt-lawpanama.com\/es\/servicios\/asesoria-legal\/experiencia\/como-tramitar-un-prestamo-hipotecario-en-panama\/\" rel=\"bookmark\">Como tramitar un pr\u00e9stamo hipotecario en panam\u00e1<\/a><\/h3>\n\n\t\t\t\t<p>Como tramitar un pr\u00e9stamo hipotecario en panam\u00e1 En el mercando paname\u00f1o existen varias ofertas en los bancos de acuerdo al ...<\/p>\n\n\t\t\t\t<a class=\"grid-more\" href=\"https:\/\/gt-lawpanama.com\/es\/servicios\/asesoria-legal\/experiencia\/como-tramitar-un-prestamo-hipotecario-en-panama\/\" title=\"Como tramitar un pr\u00e9stamo hipotecario en panam\u00e1\">Leer m\u00e1s<\/a>\n\n\t\t\t<\/div>\n\t\t\t\n\t\t\t\t<div class=\"clear\"><\/div>\n\t\t<\/div>\n\t<\/div>[\/vc_column][\/vc_row]<\/p>\n<\/div>","protected":false},"excerpt":{"rendered":"<p>[vc_row][vc_column][\/vc_column][\/vc_row][vc_row][vc_column][vc_single_image image=\u00bb1164&#8243; img_size=\u00bbfull\u00bb alignment=\u00bbcenter\u00bb][\/vc_column][\/vc_row][vc_row][vc_column][vc_column_text]Te ofrecemos nuestros servicios de Consultor\u00eda Jur\u00eddica en cualquiera de las ramas del Derecho para ayudar a &#8230;<\/p>\n","protected":false},"author":1,"featured_media":830,"parent":969,"menu_order":0,"comment_status":"closed","ping_status":"closed","template":"","meta":{"footnotes":""},"class_list":["post-971","page","type-page","status-publish","has-post-thumbnail","hentry"],"_links":{"self":[{"href":"https:\/\/gt-lawpanama.com\/es\/wp-json\/wp\/v2\/pages\/971","targetHints":{"allow":["GET"]}}],"collection":[{"href":"https:\/\/gt-lawpanama.com\/es\/wp-json\/wp\/v2\/pages"}],"about":[{"href":"https:\/\/gt-lawpanama.com\/es\/wp-json\/wp\/v2\/types\/page"}],"author":[{"embeddable":true,"href":"https:\/\/gt-lawpanama.com\/es\/wp-json\/wp\/v2\/users\/1"}],"replies":[{"embeddable":true,"href":"https:\/\/gt-lawpanama.com\/es\/wp-json\/wp\/v2\/comments?post=971"}],"version-history":[{"count":7,"href":"https:\/\/gt-lawpanama.com\/es\/wp-json\/wp\/v2\/pages\/971\/revisions"}],"predecessor-version":[{"id":1173,"href":"https:\/\/gt-lawpanama.com\/es\/wp-json\/wp\/v2\/pages\/971\/revisions\/1173"}],"up":[{"embeddable":true,"href":"https:\/\/gt-lawpanama.com\/es\/wp-json\/wp\/v2\/pages\/969"}],"wp:featuredmedia":[{"embeddable":true,"href":"https:\/\/gt-lawpanama.com\/es\/wp-json\/wp\/v2\/media\/830"}],"wp:attachment":[{"href":"https:\/\/gt-lawpanama.com\/es\/wp-json\/wp\/v2\/media?parent=971"}],"curies":[{"name":"wp","href":"https:\/\/api.w.org\/{rel}","templated":true}]}}