{"id":980,"date":"2015-07-16T02:59:11","date_gmt":"2015-07-16T02:59:11","guid":{"rendered":"http:\/\/gt-lawpanama.com\/es\/?page_id=980"},"modified":"2020-04-20T20:36:56","modified_gmt":"2020-04-20T20:36:56","slug":"sociedades-anonimas-en-panama","status":"publish","type":"page","link":"https:\/\/gt-lawpanama.com\/es\/servicios\/asesoria-legal\/experiencia\/sociedades-anonimas-en-panama\/","title":{"rendered":"Sociedades An\u00f3nimas en Panam\u00e1"},"content":{"rendered":"<p>La <strong>sociedad an\u00f3nima<\/strong> conocida por sus siglas (S.A.) es aquella sociedad mercantil cuyos titulares lo son en virtud de una participaci\u00f3n en el capital social a trav\u00e9s de t\u00edtulos o acciones. Las acciones pueden ser al portador o nominativas. En la pr\u00e1ctica actual si deseas abrir una cuenta bancaria a nombre de la sociedad. Los bancos exigen que las acciones sean nominativas, no permiten acciones al portador. Los accionistas no responden con su patrimonio personal de las deudas de la sociedad, sino \u00fanicamente hasta la cantidad m\u00e1xima del capital aportado.<\/p>\n<p>La constituci\u00f3n de una sociedad an\u00f3nima debe hacerse mediante escritura p\u00fablica. Requiere tambi\u00e9n la inscripci\u00f3n en el Registro P\u00fablico.<\/p>\n<p>Una sociedad an\u00f3nima es una entidad jur\u00eddica cuya existencia se distingue de la de su propietario. Sus titulares participan del capital social mediante acciones que les confieren derechos econ\u00f3micos y pol\u00edticos. Las acciones se diferencian entre s\u00ed seg\u00fan las potestades que confieren o por su valor nominal.<\/p>\n<p><img loading=\"lazy\" decoding=\"async\" class=\"alignright wp-image-804 size-medium\" src=\"http:\/\/gt-lawpanama.com\/wp-content\/uploads\/2015\/07\/10308345_original-300x200.jpg\" alt=\"Empty Corporate Meeting Room\" width=\"300\" height=\"200\" srcset=\"https:\/\/gt-lawpanama.com\/wp-content\/uploads\/2015\/07\/10308345_original-300x200.jpg 300w, https:\/\/gt-lawpanama.com\/wp-content\/uploads\/2015\/07\/10308345_original-1024x682.jpg 1024w, https:\/\/gt-lawpanama.com\/wp-content\/uploads\/2015\/07\/10308345_original.jpg 2000w\" sizes=\"auto, (max-width: 300px) 100vw, 300px\" \/><\/p>\n<p><strong>Caracter\u00edsticas<\/strong><\/p>\n<p>En t\u00e9rminos generales, las sociedades an\u00f3nimas se denominan siempre mercantiles, aun cuando se formen para la realizaci\u00f3n de negocios de car\u00e1cter civil.<\/p>\n<p>En la mayor\u00eda de las legislaciones, y en la doctrina, se reconoce como principales caracter\u00edsticas de este tipo de sociedad las siguientes:<\/p>\n<ul>\n<li>Limitaci\u00f3n de responsabilidad de los accionistas frente a terceros.<\/li>\n<li>Divisi\u00f3n del capital social en acciones.<\/li>\n<li>Negociabilidad de las participaciones.<\/li>\n<li>Estructura org\u00e1nica personal.<\/li>\n<li>Existencia bajo una denominaci\u00f3n p\u00fablica.<\/li>\n<\/ul>\n<p><strong>Denominaci\u00f3n<\/strong><br \/>\nLa denominaci\u00f3n de la sociedad an\u00f3nima suele formarse libremente, pero debe ser necesariamente distinta de la de cualquiera otra sociedad y suele incluir la frase \u00abSociedad An\u00f3nima\u00bb, un equivalente o su abreviatura. Para ciertas \u00e1reas econ\u00f3micas u objetos sociales, puede exigirse incluir una denominaci\u00f3n especial, como por ejemplo \u00abBanco\u00bb si la sociedad an\u00f3nima tiene ese giro. Cuando se trate de sociedades cuyas actividades solo pueden desarrollarse, de acuerdo con la ley, por sociedades an\u00f3nimas, el uso de la indicaci\u00f3n o de las siglas es facultativo y as\u00ed es mejor comprendido.<\/p>\n<p><strong>Requisitos que se necesita para la apertura de una sociedad:<\/strong><\/p>\n<p>&#8211; Los posibles nombres que se le quieren colocar a la sociedad, m\u00ednimo 3 nombres para poder hacer una investigaci\u00f3n \u00a0en el Registro P\u00fablico si estos est\u00e1n disponibles.<\/p>\n<p>&#8211; El objeto u objetos generales de la Sociedad;<\/p>\n<p>&#8211; EL monto del capital social y el n\u00famero y valor nominal de las acciones en que se divide.<\/p>\n<p>&#8211; El domicilio, nombre completo, de la junta directiva de la sociedad. Que no ser\u00e1n menos de tres con especificaci\u00f3n de sus cargos.<\/p>\n<p>&#8211; El domicilio de la sociedad, tel\u00e9fonos, duraci\u00f3n de la sociedad.<\/p>\n<p><strong>Beneficios:<\/strong><\/p>\n<p style=\"padding-left: 30px;\">&#8211; Las acciones pueden ser emitidas nominativas o al portador.<br \/>\n&#8211; No hay capital m\u00ednimo requerido por pagar.<br \/>\n&#8211;\u00a0La sociedad puede tener oficinas en cualquier parte del mundo.<br \/>\n-Los ingresos provenientes de fuente extranjera, no causan impuesto sobre la renta ante las autoridades fiscales nacionales.<br \/>\n&#8211; Los accionistas, directores y dignatarios, pueden tener cualquier nacionalidad y residir en cualquier parte del mundo. Las reuniones de Junta Directivas pueden llevarse a cabo en cualquier parte del mundo.<br \/>\n&#8211; Las sociedades an\u00f3nimas en Panam\u00e1 pueden ser constituidas por tiempo indefinido.<\/p>\n<p>&nbsp;<\/p>\n<p><strong>Preguntas m\u00e1s frecuentes:<\/strong><br \/>\n<strong>a) Qui\u00e9nes pueden formar una sociedad An\u00f3nima?<\/strong><br \/>\nDos o m\u00e1s personas mayores de edad, cualquiera que sea su nacionalidad.<\/p>\n<p><strong>b) Hay que ser residente en Panam\u00e1 o estar en Panam\u00e1 para formar una Sociedad An\u00f3nima?<\/strong><br \/>\nNo. Dos o m\u00e1s personas en cualquier parte del mundo, sin ser residente en Panam\u00e1, ni paname\u00f1os, pueden formar o constituir una Sociedad An\u00f3nima.<\/p>\n<p><strong>c) Que es un Pacto social?<\/strong><br \/>\nEs el documento que contiene el Contrato de Sociedad. El pacto debe constar siempre en Escritura P\u00fablica, otorgada ante notario paname\u00f1o, ya sea que el Pacto Social se haya formado en documento privado o p\u00fablico, en Panam\u00e1 o en el exterior. Puede estar en cualquier Idioma, siempre que se protocolice junto con una traducci\u00f3n en espa\u00f1ol, por int\u00e9rprete p\u00fablico autorizado en la Rep\u00fablica de Panam\u00e1.<\/p>\n<p><strong>d) Tienen los accionistas que ser paname\u00f1os?<\/strong><br \/>\nNo. Los accionistas pueden ser de cualquier nacionalidad, excepto en aquellos casos en que se trate de sociedades que ejercen el comercio al por menor en la Rep\u00fablica de Panam\u00e1, en que la ley exige que dichas sociedades tengan acciones nominativas expedidas a favor de paname\u00f1os.<\/p>\n","protected":false},"excerpt":{"rendered":"<p>La sociedad an\u00f3nima conocida por sus siglas (S.A.) es aquella sociedad mercantil cuyos titulares lo son en virtud de una &#8230;<\/p>\n","protected":false},"author":1,"featured_media":808,"parent":975,"menu_order":0,"comment_status":"closed","ping_status":"closed","template":"","meta":{"footnotes":""},"class_list":["post-980","page","type-page","status-publish","has-post-thumbnail","hentry"],"_links":{"self":[{"href":"https:\/\/gt-lawpanama.com\/es\/wp-json\/wp\/v2\/pages\/980","targetHints":{"allow":["GET"]}}],"collection":[{"href":"https:\/\/gt-lawpanama.com\/es\/wp-json\/wp\/v2\/pages"}],"about":[{"href":"https:\/\/gt-lawpanama.com\/es\/wp-json\/wp\/v2\/types\/page"}],"author":[{"embeddable":true,"href":"https:\/\/gt-lawpanama.com\/es\/wp-json\/wp\/v2\/users\/1"}],"replies":[{"embeddable":true,"href":"https:\/\/gt-lawpanama.com\/es\/wp-json\/wp\/v2\/comments?post=980"}],"version-history":[{"count":3,"href":"https:\/\/gt-lawpanama.com\/es\/wp-json\/wp\/v2\/pages\/980\/revisions"}],"predecessor-version":[{"id":983,"href":"https:\/\/gt-lawpanama.com\/es\/wp-json\/wp\/v2\/pages\/980\/revisions\/983"}],"up":[{"embeddable":true,"href":"https:\/\/gt-lawpanama.com\/es\/wp-json\/wp\/v2\/pages\/975"}],"wp:featuredmedia":[{"embeddable":true,"href":"https:\/\/gt-lawpanama.com\/es\/wp-json\/wp\/v2\/media\/808"}],"wp:attachment":[{"href":"https:\/\/gt-lawpanama.com\/es\/wp-json\/wp\/v2\/media?parent=980"}],"curies":[{"name":"wp","href":"https:\/\/api.w.org\/{rel}","templated":true}]}}