{"id":984,"date":"2015-07-16T07:18:42","date_gmt":"2015-07-16T07:18:42","guid":{"rendered":"http:\/\/gt-lawpanama.com\/es\/?page_id=984"},"modified":"2020-04-20T20:36:57","modified_gmt":"2020-04-20T20:36:57","slug":"visa-de-dependiente-de-residente-permanente-en-panama","status":"publish","type":"page","link":"https:\/\/gt-lawpanama.com\/es\/servicios\/asesoria-legal\/experiencia\/visa-de-dependiente-de-residente-permanente-en-panama\/","title":{"rendered":"Visa de dependiente de Residente Permanente en Panam\u00e1"},"content":{"rendered":"<p>Podr\u00e1 \u00a0solicitar este permiso los extranjeros\u00a0c\u00f3nyuges, hijos menores de dieciocho 18 (a\u00f1os), familiares con discapacidad y padres dependientes de un residente provisional de dos (2) a\u00f1os, residente permanente o nacional. Los hijos mayores de dieciocho (18) a\u00f1os hasta veinticinco (25) a\u00f1os, podr\u00e1n ser solicitados como dependientes, siempre que estudien de forma regular y se encuentren bajo la\u00a0dependencia\u00a0econ\u00f3mica del residente o nacional. El residente o nacional que demuestre tener la tutela o guarda y crianza de una persona menor de edad podr\u00e1 solicitarlo como dependiente.<\/p>\n<h3>En nuestra legislaci\u00f3n paname\u00f1a\u00a0proh\u00edbe\u00a0trabajar a los dependientes.<\/h3>\n<p><strong>Requisitos:<\/strong><\/p>\n<p>1. Poder de abogado.<\/p>\n<p>2. Solicitud de abogado.<\/p>\n<p>3. Pasaporte complejo (copia y original)<\/p>\n<p>4 Certificado de buena salud (se solicita en Panam\u00e1)<\/p>\n<p>5. Certificado de antecedentes penales del pa\u00eds de residencia, autenticado por el Consulado de Panam\u00e1 en el pa\u00eds que expide el documento.<\/p>\n<p>6. Pago de doscientos cincuenta (US$250.00) a favor del Tesoro Nacional y un cheque de (US$ 800.00) a favor del Servicio Nacional de Migraci\u00f3n.<\/p>\n<p>7. Formulario de Declaraci\u00f3n Jurada<\/p>\n<p>8. Carta de Responsabilidad del residente o nacional.<\/p>\n<p>9. Constancia de parentesco puede ser las siguientes:<\/p>\n<p style=\"padding-left: 30px;\"><strong>a.<\/strong> Certificado de matrimonio del\u00a0c\u00f3nyuge\u00a0certificaci\u00f3n de nacimiento de los hijos o constancia judicial de la tutela o guarda y crianza, seg\u00fan sea el caso.<\/p>\n<p><img loading=\"lazy\" decoding=\"async\" class=\" size-large wp-image-810 aligncenter\" src=\"http:\/\/gt-lawpanama.com\/wp-content\/uploads\/2015\/07\/35376083_largeH-1024x341.jpg\" alt=\"35376083_largeH\" width=\"700\" height=\"233\" srcset=\"https:\/\/gt-lawpanama.com\/wp-content\/uploads\/2015\/07\/35376083_largeH-1024x341.jpg 1024w, https:\/\/gt-lawpanama.com\/wp-content\/uploads\/2015\/07\/35376083_largeH-300x100.jpg 300w, https:\/\/gt-lawpanama.com\/wp-content\/uploads\/2015\/07\/35376083_largeH.jpg 1500w\" sizes=\"auto, (max-width: 700px) 100vw, 700px\" \/><\/p>\n<p>El solicitante mayor de edad y menor de veinticinco (25) a\u00f1os, deber\u00e1 aportar:<\/p>\n<p style=\"padding-left: 60px;\"><strong>a.<\/strong> Certificaci\u00f3n de un centro educativo que acredite su condici\u00f3n de estudiante a tiempo completo y de forma regular;<\/p>\n<p style=\"padding-left: 60px;\"><strong>b.<\/strong> Declaraci\u00f3n jurada de solter\u00eda. (se hace ac\u00e1 en Panam\u00e1 en la notaria).<\/p>\n<p>10. Prueba de que el residente cuenta con la solvencia econ\u00f3mica suficiente y se debe probar dicha solvencia con una de las siguientes formas:<\/p>\n<p style=\"padding-left: 60px;\"><strong>a.<\/strong> Copia de la declaraci\u00f3n de renta, con su paz y salvo y la misma debe cumplir con el ingreso m\u00ednimo de mil balboas (B\/1,000.00) mensuales m\u00e1s cien balboas (US$100.00), adicionales por cada dependiente;<\/p>\n<p style=\"padding-left: 60px;\"><strong>b.<\/strong> Carta de trabajo actualizada con su respectivo talonario o ficha de la Caja de Seguro Social y copia del Permiso de Trabajo;<\/p>\n<p style=\"padding-left: 60px;\"><strong>c.<\/strong> Carta de referencia bancaria no inferior a cuatro cifras medias.<\/p>\n<p>11. Contrato de arrendamiento o certificado de Registro P\u00fablico de la propiedad donde habita el residente o nacional.<\/p>\n<p>12. Copia de Recibo de luz, agua o\u00a0tel\u00e9fono de la residencia donde habita el residente o nacional.<\/p>\n","protected":false},"excerpt":{"rendered":"<p>Podr\u00e1 \u00a0solicitar este permiso los extranjeros\u00a0c\u00f3nyuges, hijos menores de dieciocho 18 (a\u00f1os), familiares con discapacidad y padres dependientes de un &#8230;<\/p>\n","protected":false},"author":1,"featured_media":806,"parent":975,"menu_order":0,"comment_status":"closed","ping_status":"open","template":"","meta":{"footnotes":""},"class_list":["post-984","page","type-page","status-publish","has-post-thumbnail","hentry"],"_links":{"self":[{"href":"https:\/\/gt-lawpanama.com\/es\/wp-json\/wp\/v2\/pages\/984","targetHints":{"allow":["GET"]}}],"collection":[{"href":"https:\/\/gt-lawpanama.com\/es\/wp-json\/wp\/v2\/pages"}],"about":[{"href":"https:\/\/gt-lawpanama.com\/es\/wp-json\/wp\/v2\/types\/page"}],"author":[{"embeddable":true,"href":"https:\/\/gt-lawpanama.com\/es\/wp-json\/wp\/v2\/users\/1"}],"replies":[{"embeddable":true,"href":"https:\/\/gt-lawpanama.com\/es\/wp-json\/wp\/v2\/comments?post=984"}],"version-history":[{"count":3,"href":"https:\/\/gt-lawpanama.com\/es\/wp-json\/wp\/v2\/pages\/984\/revisions"}],"predecessor-version":[{"id":987,"href":"https:\/\/gt-lawpanama.com\/es\/wp-json\/wp\/v2\/pages\/984\/revisions\/987"}],"up":[{"embeddable":true,"href":"https:\/\/gt-lawpanama.com\/es\/wp-json\/wp\/v2\/pages\/975"}],"wp:featuredmedia":[{"embeddable":true,"href":"https:\/\/gt-lawpanama.com\/es\/wp-json\/wp\/v2\/media\/806"}],"wp:attachment":[{"href":"https:\/\/gt-lawpanama.com\/es\/wp-json\/wp\/v2\/media?parent=984"}],"curies":[{"name":"wp","href":"https:\/\/api.w.org\/{rel}","templated":true}]}}