{"id":991,"date":"2015-07-16T07:22:24","date_gmt":"2015-07-16T07:22:24","guid":{"rendered":"http:\/\/gt-lawpanama.com\/es\/?page_id=991"},"modified":"2020-04-20T20:36:40","modified_gmt":"2020-04-20T20:36:40","slug":"como-registro-mi-vehiculo-al-momento-de-introducirlo-a-panama","status":"publish","type":"page","link":"https:\/\/gt-lawpanama.com\/es\/servicios\/asesoria-legal\/experiencia\/como-registro-mi-vehiculo-al-momento-de-introducirlo-a-panama\/","title":{"rendered":"Como registro mi vehiculo al momento de introducirlo a Panam\u00e1"},"content":{"rendered":"<h2>Como registro mi vehiculo al momento de introducirlo a panam\u00e1.<u> <\/u><\/h2>\n<p>Si usted planea mudarse a Panam\u00e1 y enviar su veh\u00edculo deber\u00e1 tomar en cuenta la siguiente informaci\u00f3n antes de enviarlo.<\/p>\n<p>Podr\u00e1 registrar el veh\u00edculo a nombre del extranjero o a nombre de una compa\u00f1\u00eda paname\u00f1a.<\/p>\n<p>Para el registro del veh\u00edculo a nombre de una compa\u00f1\u00eda debemos contar con los siguientes:<\/p>\n<ol>\n<li>Debemos registrar la compa\u00f1\u00eda paname\u00f1a en el Municipio de Panam\u00e1.<\/li>\n<li>Debemos aportar un aviso de operaciones de la compa\u00f1\u00eda, si esta no est\u00e1 realizando negocios, debemos solicitar una certificaci\u00f3n a Panam\u00e1 Emprende en donde su compa\u00f1\u00eda no est\u00e1 realizando negocios y por lo tanto no requiere de un Aviso de Operaciones.<\/li>\n<li>Paz y Salvo de la compa\u00f1\u00eda.<\/li>\n<li>Pagar el registro de la compa\u00f1\u00eda en el Municipio.<\/li>\n<li>Deber\u00e1 enviarnos toda la documentaci\u00f3n del veh\u00edculo para poder registrarlo.<\/li>\n<\/ol>\n","protected":false},"excerpt":{"rendered":"<p>Como registro mi vehiculo al momento de introducirlo a panam\u00e1. Si usted planea mudarse a Panam\u00e1 y enviar su veh\u00edculo &#8230;<\/p>\n","protected":false},"author":1,"featured_media":824,"parent":975,"menu_order":0,"comment_status":"closed","ping_status":"open","template":"","meta":{"footnotes":""},"class_list":["post-991","page","type-page","status-publish","has-post-thumbnail","hentry"],"_links":{"self":[{"href":"https:\/\/gt-lawpanama.com\/es\/wp-json\/wp\/v2\/pages\/991","targetHints":{"allow":["GET"]}}],"collection":[{"href":"https:\/\/gt-lawpanama.com\/es\/wp-json\/wp\/v2\/pages"}],"about":[{"href":"https:\/\/gt-lawpanama.com\/es\/wp-json\/wp\/v2\/types\/page"}],"author":[{"embeddable":true,"href":"https:\/\/gt-lawpanama.com\/es\/wp-json\/wp\/v2\/users\/1"}],"replies":[{"embeddable":true,"href":"https:\/\/gt-lawpanama.com\/es\/wp-json\/wp\/v2\/comments?post=991"}],"version-history":[{"count":2,"href":"https:\/\/gt-lawpanama.com\/es\/wp-json\/wp\/v2\/pages\/991\/revisions"}],"predecessor-version":[{"id":993,"href":"https:\/\/gt-lawpanama.com\/es\/wp-json\/wp\/v2\/pages\/991\/revisions\/993"}],"up":[{"embeddable":true,"href":"https:\/\/gt-lawpanama.com\/es\/wp-json\/wp\/v2\/pages\/975"}],"wp:featuredmedia":[{"embeddable":true,"href":"https:\/\/gt-lawpanama.com\/es\/wp-json\/wp\/v2\/media\/824"}],"wp:attachment":[{"href":"https:\/\/gt-lawpanama.com\/es\/wp-json\/wp\/v2\/media?parent=991"}],"curies":[{"name":"wp","href":"https:\/\/api.w.org\/{rel}","templated":true}]}}