{"id":994,"date":"2015-07-16T07:23:46","date_gmt":"2015-07-16T07:23:46","guid":{"rendered":"http:\/\/gt-lawpanama.com\/es\/?page_id=994"},"modified":"2020-04-20T20:36:40","modified_gmt":"2020-04-20T20:36:40","slug":"requisitos-de-inmigracion-de-panama-para-animales-domesticos-perros-y-gatos","status":"publish","type":"page","link":"https:\/\/gt-lawpanama.com\/es\/servicios\/asesoria-legal\/experiencia\/requisitos-de-inmigracion-de-panama-para-animales-domesticos-perros-y-gatos\/","title":{"rendered":"Requisitos de Inmigraci\u00f3n de Panam\u00e1 para Animales Dom\u00e9sticos (Perros y Gatos)"},"content":{"rendered":"<h2>Requisitos de Inmigraci\u00f3n de Panam\u00e1 para Animales Dom\u00e9sticos (Perros y Gatos)<\/h2>\n<p>Se necesitara los siguientes requisitos para poder ingresar perros y gatos a Panam\u00e1. Cualquier otro tipo de animal estar\u00e1 en la lista de animales ex\u00f3ticos que se deber\u00e1 cumplir con otros requisitos.<\/p>\n<ol>\n<li>Certificado de Vacunaci\u00f3n proporcionado por su veterinario en donde demuestre que el animal no tiene rabia. La \u00faltima vacunaci\u00f3n debe tener al menos 30 d\u00edas y no m\u00e1s de 12 meses antes de entrar en Panam\u00e1.<\/li>\n<li>Certificado de Origen que muestre d\u00f3nde naci\u00f3 el animal.<\/li>\n<li>Certificado de Salud, otorgado por el veterinario en donde demuestre que la mascota est\u00e1 libre de enfermedades, debe ser emitida dentro de 10 d\u00edas antes de salir;<\/li>\n<li>Certificados sanitarios y de vacunaci\u00f3n deben ser autenticados por la embajada o consulado de Panam\u00e1 en su pa\u00eds.<\/li>\n<li>Certificado de Origen que demuestre d\u00f3nde naci\u00f3 el animal;<\/li>\n<li>Formulario de Importaci\u00f3n Completo.<\/li>\n<li>Documento de revisi\u00f3n e inspecci\u00f3n de la mascota por el Departamento de Saludo del Aeropuerto de Panam\u00e1. (Esto es al momento de la llegada de la Mascota.<\/li>\n<\/ol>\n<p>Al momento de enviar su mascota tome encuentra que los horarios de los veterinarios que se encuentran en el aeropuerto son de Lunes a Viernes de 9am a 3pm y de 7 pm a 10 pm. Si manda a su mascota los fines de semana o en horarios fuera de los establecidos su mascota deber\u00e1 dormir en el Aeropuerto.<\/p>\n<p>Puede contactar nuestra firma para poder gestionarle todos los documentos para la llegada de su mascota.<\/p>\n<p>&nbsp;<\/p>\n<p>Contactenos.<\/p>\n","protected":false},"excerpt":{"rendered":"<p>Requisitos de Inmigraci\u00f3n de Panam\u00e1 para Animales Dom\u00e9sticos (Perros y Gatos) Se necesitara los siguientes requisitos para poder ingresar perros &#8230;<\/p>\n","protected":false},"author":1,"featured_media":826,"parent":975,"menu_order":0,"comment_status":"closed","ping_status":"open","template":"","meta":{"footnotes":""},"class_list":["post-994","page","type-page","status-publish","has-post-thumbnail","hentry"],"_links":{"self":[{"href":"https:\/\/gt-lawpanama.com\/es\/wp-json\/wp\/v2\/pages\/994","targetHints":{"allow":["GET"]}}],"collection":[{"href":"https:\/\/gt-lawpanama.com\/es\/wp-json\/wp\/v2\/pages"}],"about":[{"href":"https:\/\/gt-lawpanama.com\/es\/wp-json\/wp\/v2\/types\/page"}],"author":[{"embeddable":true,"href":"https:\/\/gt-lawpanama.com\/es\/wp-json\/wp\/v2\/users\/1"}],"replies":[{"embeddable":true,"href":"https:\/\/gt-lawpanama.com\/es\/wp-json\/wp\/v2\/comments?post=994"}],"version-history":[{"count":2,"href":"https:\/\/gt-lawpanama.com\/es\/wp-json\/wp\/v2\/pages\/994\/revisions"}],"predecessor-version":[{"id":996,"href":"https:\/\/gt-lawpanama.com\/es\/wp-json\/wp\/v2\/pages\/994\/revisions\/996"}],"up":[{"embeddable":true,"href":"https:\/\/gt-lawpanama.com\/es\/wp-json\/wp\/v2\/pages\/975"}],"wp:featuredmedia":[{"embeddable":true,"href":"https:\/\/gt-lawpanama.com\/es\/wp-json\/wp\/v2\/media\/826"}],"wp:attachment":[{"href":"https:\/\/gt-lawpanama.com\/es\/wp-json\/wp\/v2\/media?parent=994"}],"curies":[{"name":"wp","href":"https:\/\/api.w.org\/{rel}","templated":true}]}}