{"id":997,"date":"2015-07-16T07:27:03","date_gmt":"2015-07-16T07:27:03","guid":{"rendered":"http:\/\/gt-lawpanama.com\/es\/?page_id=997"},"modified":"2020-04-20T20:36:40","modified_gmt":"2020-04-20T20:36:40","slug":"permiso-de-permanencia-definitiva-en-calidad-de-solvencia-economica-por-inversion-en-bienes-inmuebles","status":"publish","type":"page","link":"https:\/\/gt-lawpanama.com\/es\/servicios\/asesoria-legal\/experiencia\/permiso-de-permanencia-definitiva-en-calidad-de-solvencia-economica-por-inversion-en-bienes-inmuebles\/","title":{"rendered":"Permiso de permanencia definitiva en calidad de solvencia econ\u00f3mica por inversi\u00f3n en bienes inmuebles"},"content":{"rendered":"<h2>Permiso de permanencia definitiva en calidad de solvencia econ\u00f3mica por inversi\u00f3n en bienes inmuebles<\/h2>\n<p>Podr\u00e1 solicitar este permiso quien compruebe que cuenta con una propiedad (bien inmueble) por un valor de (US$300,000.00), esta propiedad no puede contar con grav\u00e1menes.<\/p>\n<p><span style=\"color: #808080;\">REQUISITOS:<\/span><\/p>\n<ul>\n<li>Poder y Solicitud (Notariado y con sus respectivos timbres fiscales);<\/li>\n<li>Tres (3) fotograf\u00edas;<\/li>\n<li>Copia debidamente cotejada del pasaporte (Notario o Autoridad correspondiente);<\/li>\n<li>Certificado de Antecedentes Penales;<\/li>\n<li>Certificado de Salud;<\/li>\n<li>Cheque Certificado por B\/.250.00 a favor del Tesoro Nacional;<\/li>\n<li>Cheque Certificado por B\/.800.00 a favor del Servicio Nacional de Migraci\u00f3n;<\/li>\n<li>Formulario de Declaraci\u00f3n Jurada de Antecedentes Personales;<\/li>\n<li>Certificaci\u00f3n del Registro P\u00fablico que compruebe la propiedad de los bienes inmuebles, a t\u00edtulo personal del solicitante con un valor m\u00ednimo de trescientos mil (B\/. 300.000.00). La certificaci\u00f3n debe indicar que la finca est\u00e1 libre de grav\u00e1menes;<\/li>\n<\/ul>\n<p>Para Solicitar la Permanencia Definitiva se presentar\u00e1n los requisitos anteriores con excepci\u00f3n del Certificado de Antecedentes Penales y los cheques, adicional:<\/p>\n<p>Paz y salvo nacional de rentas a favor del solicitante.<\/p>\n","protected":false},"excerpt":{"rendered":"<p>Permiso de permanencia definitiva en calidad de solvencia econ\u00f3mica por inversi\u00f3n en bienes inmuebles Podr\u00e1 solicitar este permiso quien compruebe &#8230;<\/p>\n","protected":false},"author":1,"featured_media":819,"parent":975,"menu_order":0,"comment_status":"closed","ping_status":"open","template":"","meta":{"footnotes":""},"class_list":["post-997","page","type-page","status-publish","has-post-thumbnail","hentry"],"_links":{"self":[{"href":"https:\/\/gt-lawpanama.com\/es\/wp-json\/wp\/v2\/pages\/997","targetHints":{"allow":["GET"]}}],"collection":[{"href":"https:\/\/gt-lawpanama.com\/es\/wp-json\/wp\/v2\/pages"}],"about":[{"href":"https:\/\/gt-lawpanama.com\/es\/wp-json\/wp\/v2\/types\/page"}],"author":[{"embeddable":true,"href":"https:\/\/gt-lawpanama.com\/es\/wp-json\/wp\/v2\/users\/1"}],"replies":[{"embeddable":true,"href":"https:\/\/gt-lawpanama.com\/es\/wp-json\/wp\/v2\/comments?post=997"}],"version-history":[{"count":2,"href":"https:\/\/gt-lawpanama.com\/es\/wp-json\/wp\/v2\/pages\/997\/revisions"}],"predecessor-version":[{"id":999,"href":"https:\/\/gt-lawpanama.com\/es\/wp-json\/wp\/v2\/pages\/997\/revisions\/999"}],"up":[{"embeddable":true,"href":"https:\/\/gt-lawpanama.com\/es\/wp-json\/wp\/v2\/pages\/975"}],"wp:featuredmedia":[{"embeddable":true,"href":"https:\/\/gt-lawpanama.com\/es\/wp-json\/wp\/v2\/media\/819"}],"wp:attachment":[{"href":"https:\/\/gt-lawpanama.com\/es\/wp-json\/wp\/v2\/media?parent=997"}],"curies":[{"name":"wp","href":"https:\/\/api.w.org\/{rel}","templated":true}]}}